{"id":20,"date":"2009-11-09T14:34:27","date_gmt":"2009-11-09T13:34:27","guid":{"rendered":"http:\/\/www.kirche-obercrinitz.de\/wordpress\/?page_id=20"},"modified":"2024-03-20T20:15:54","modified_gmt":"2024-03-20T19:15:54","slug":"kontakt","status":"publish","type":"page","link":"https:\/\/www.kirche-obercrinitz.de\/wordpress\/kontakt\/","title":{"rendered":"Kontakt"},"content":{"rendered":"<p>SO ERREICHEN SIE UNS<\/p>\n<p><strong>Ev.-Luth. Kirchgemeinde Obercrinitz-Stangengr\u00fcn-Wildenau<br \/>\n<\/strong>Pfarramt Obercrinitz<br \/>\nYvonne Br\u00fcning<\/p>\n<p>Crinitztalstra\u00dfe 80<br \/>\n08147 Crinitzberg OT Obercrinitz<br \/>\nDi und Do 8.00 &#8211; 12.00 Uhr und Di 14.30 &#8211; 17.00 Uhr<br \/>\nTel. 037462\/3646 Fax 037462\/280662<br \/>\n<a href=\"mailto:yvonne.bruening@evlks.de\">yvonne.bruening@evlks.de<\/a><\/p>\n<p><strong>Dienststelle Stangengr\u00fcn<\/strong><br \/>\nAnett M\u00f6ckel<\/p>\n<p>Hirschfelder Str. 54<br \/>\n08107 Kirchberg OT Stangengr\u00fcn<br \/>\nDi 14.00 &#8211; 16.00 Uhr sowie nach Vereinbarung<br \/>\nTel. 037606\/37775<br \/>\n<a href=\"mailto:anett.moeckel@evlks.de\">anett.moeckel@evlks.de<\/a><\/p>\n<p><strong>Kirchkasse und Friedhofsverwaltung Wildenau<\/strong><br \/>\nRegina M\u00fcller<\/p>\n<p>Gemeindeweg 4<br \/>\n08237 Steinberg OT Wildenau<br \/>\n\u00d6ffnungszeiten nach Vereinbarung<br \/>\nTel. 03746\/3339<\/p>\n<p><strong>Bankverbindung<br \/>\n<\/strong>IBAN: DE04870550002225000436<br \/>\nBIC: WELADED1ZWI<br \/>\nSparkasse Zwickau<br \/>\nBitte Verwendungszweck angeben<\/p>\n<p><strong>Pfarrerin Nicole B\u00e4rwald-Wohlfarth<br \/>\n<\/strong><\/p>\n<p>Tel. 037606 860916<br \/>\nMobil 0151 23 000 780<br \/>\n<a href=\"mailto:nicole.baerwald-wohlfarth@evlks.de\">nicole.baerwald-wohlfarth@evlks.de<\/a><\/p>\n<p><strong>Webmaster Ruben Bauer<\/strong><br \/>\n<a href=\"mailto:rubenb@gmx.net\">rubenb@gmx.net<\/a><\/p>\n<p><a href=\"https:\/\/www.kirche-obercrinitz.de\/wordpress\/kontakt\/disclaimer\" target=\"_self\" rel=\"noopener noreferrer\">Disclaimer<\/a><\/p>\n<p><a href=\"https:\/\/www.kirche-obercrinitz.de\/wordpress\/kontakt\/datenschutzerklaerung\">Datenschutzerkl\u00e4rung<\/a><\/p>\n","protected":false},"excerpt":{"rendered":"<p>SO ERREICHEN SIE UNS Ev.-Luth. Kirchgemeinde Obercrinitz-Stangengr\u00fcn-Wildenau Pfarramt Obercrinitz Yvonne Br\u00fcning Crinitztalstra\u00dfe 80 08147 Crinitzberg OT Obercrinitz Di und Do 8.00 &#8211; 12.00 Uhr und Di 14.30 &#8211; 17.00 Uhr Tel. 037462\/3646 Fax 037462\/280662&#46;&#46;&#46;<\/p>\n","protected":false},"author":8,"featured_media":0,"parent":0,"menu_order":5,"comment_status":"open","ping_status":"closed","template":"","meta":{"ngg_post_thumbnail":0,"footnotes":""},"class_list":["post-20","page","type-page","status-publish","hentry"],"_links":{"self":[{"href":"https:\/\/www.kirche-obercrinitz.de\/wordpress\/wp-json\/wp\/v2\/pages\/20"}],"collection":[{"href":"https:\/\/www.kirche-obercrinitz.de\/wordpress\/wp-json\/wp\/v2\/pages"}],"about":[{"href":"https:\/\/www.kirche-obercrinitz.de\/wordpress\/wp-json\/wp\/v2\/types\/page"}],"author":[{"embeddable":true,"href":"https:\/\/www.kirche-obercrinitz.de\/wordpress\/wp-json\/wp\/v2\/users\/8"}],"replies":[{"embeddable":true,"href":"https:\/\/www.kirche-obercrinitz.de\/wordpress\/wp-json\/wp\/v2\/comments?post=20"}],"version-history":[{"count":40,"href":"https:\/\/www.kirche-obercrinitz.de\/wordpress\/wp-json\/wp\/v2\/pages\/20\/revisions"}],"predecessor-version":[{"id":15069,"href":"https:\/\/www.kirche-obercrinitz.de\/wordpress\/wp-json\/wp\/v2\/pages\/20\/revisions\/15069"}],"wp:attachment":[{"href":"https:\/\/www.kirche-obercrinitz.de\/wordpress\/wp-json\/wp\/v2\/media?parent=20"}],"curies":[{"name":"wp","href":"https:\/\/api.w.org\/{rel}","templated":true}]}}